{"id":137,"date":"2024-12-06T12:14:21","date_gmt":"2024-12-06T11:14:21","guid":{"rendered":"https:\/\/terras-demo.fr\/?page_id=137"},"modified":"2024-12-06T15:24:29","modified_gmt":"2024-12-06T14:24:29","slug":"voiries-et-reseaux-divers","status":"publish","type":"page","link":"https:\/\/terras-demo.fr\/?page_id=137","title":{"rendered":"Voiries et R\u00e9seaux Divers"},"content":{"rendered":"\n<div style=\"height:41px\" aria-hidden=\"true\" class=\"wp-block-spacer\"><\/div>\n\n\n\n<p>Les VRD sont les am\u00e9nagements n\u00e9cessaires pour permettre l\u2019acc\u00e8s et la desserte d\u2019un terrain ou d\u2019une zone d\u2019activit\u00e9. Les VRD sont indispensables \u00e0 la construction de b\u00e2timents et \u00e0 l\u2019am\u00e9nagement urbain. <\/p>\n\n\n\n<p>Les travaux de VRD regroupent plusieurs types d\u2019am\u00e9nagements :<\/p>\n\n\n\n<ul class=\"wp-block-list\">\n<li>Les voiries : routes, rues, chemins, trottoirs, etc. qui permettent la circulation des v\u00e9hicules et des pi\u00e9tons.<\/li>\n\n\n\n<li>Viabilisation<\/li>\n\n\n\n<li>Les r\u00e9seaux d\u2019eau : adduction d\u2019eau potable, distribution d\u2019eau, \u00e9vacuation des eaux us\u00e9es, etc.<\/li>\n\n\n\n<li>Les r\u00e9seaux d\u2019\u00e9lectricit\u00e9 : distribution d\u2019\u00e9lectricit\u00e9, \u00e9clairage public, etc.<\/li>\n\n\n\n<li>Les r\u00e9seaux de t\u00e9l\u00e9communications : t\u00e9l\u00e9phone, internet, etc.<\/li>\n\n\n\n<li>Les r\u00e9seaux pluviales<\/li>\n\n\n\n<li>B\u00e9ton d\u00e9sactiv\u00e9<\/li>\n\n\n\n<li>B\u00e9ton balay\u00e9<\/li>\n\n\n\n<li>Dallage (terrasse, parking, chemin..)<\/li>\n\n\n\n<li>Dalle brut<\/li>\n\n\n\n<li>Pavage<\/li>\n<\/ul>\n\n\n\n<div style=\"height:25px\" aria-hidden=\"true\" class=\"wp-block-spacer\"><\/div>\n\n\n\n<figure class=\"wp-block-image size-large is-resized\"><img loading=\"lazy\" decoding=\"async\" width=\"768\" height=\"1024\" src=\"https:\/\/terras-demo.fr\/wp-content\/uploads\/2024\/12\/IMG_4027-768x1024.jpg\" alt=\"\" class=\"wp-image-86\" style=\"width:491px;height:auto\" srcset=\"https:\/\/terras-demo.fr\/wp-content\/uploads\/2024\/12\/IMG_4027-768x1024.jpg 768w, https:\/\/terras-demo.fr\/wp-content\/uploads\/2024\/12\/IMG_4027-225x300.jpg 225w, https:\/\/terras-demo.fr\/wp-content\/uploads\/2024\/12\/IMG_4027-1152x1536.jpg 1152w, https:\/\/terras-demo.fr\/wp-content\/uploads\/2024\/12\/IMG_4027.jpg 1536w\" sizes=\"auto, (max-width: 768px) 100vw, 768px\" \/><\/figure>\n\n\n\n<div class=\"wp-block-contact-form-7-contact-form-selector\">\n<div class=\"wpcf7 no-js\" id=\"wpcf7-f19-o1\" lang=\"fr-FR\" dir=\"ltr\" data-wpcf7-id=\"19\">\n<div class=\"screen-reader-response\"><p role=\"status\" aria-live=\"polite\" aria-atomic=\"true\"><\/p> <ul><\/ul><\/div>\n<form action=\"\/index.php?rest_route=%2Fwp%2Fv2%2Fpages%2F137#wpcf7-f19-o1\" method=\"post\" class=\"wpcf7-form init\" aria-label=\"Formulaire de contact\" novalidate=\"novalidate\" data-status=\"init\">\n<fieldset class=\"hidden-fields-container\"><input type=\"hidden\" name=\"_wpcf7\" value=\"19\" \/><input type=\"hidden\" name=\"_wpcf7_version\" value=\"6.1.5\" \/><input type=\"hidden\" name=\"_wpcf7_locale\" value=\"fr_FR\" \/><input type=\"hidden\" name=\"_wpcf7_unit_tag\" value=\"wpcf7-f19-o1\" \/><input type=\"hidden\" name=\"_wpcf7_container_post\" value=\"0\" \/><input type=\"hidden\" name=\"_wpcf7_posted_data_hash\" value=\"\" \/>\n<\/fieldset>\n<p>Nom<br \/>\n<span class=\"wpcf7-form-control-wrap\" data-name=\"your-name\"><input size=\"40\" maxlength=\"400\" class=\"wpcf7-form-control wpcf7-text wpcf7-validates-as-required\" autocomplete=\"name\" aria-required=\"true\" aria-invalid=\"false\" value=\"\" type=\"text\" name=\"your-name\" \/><\/span><br \/>\ne-mail<br \/>\n<span class=\"wpcf7-form-control-wrap\" data-name=\"your-email\"><input size=\"40\" maxlength=\"400\" class=\"wpcf7-form-control wpcf7-email wpcf7-validates-as-required wpcf7-text wpcf7-validates-as-email\" autocomplete=\"email\" aria-required=\"true\" aria-invalid=\"false\" value=\"\" type=\"email\" name=\"your-email\" \/><\/span>\n<\/p>\n<p>Objet<br \/>\n<span class=\"wpcf7-form-control-wrap\" data-name=\"your-subject\"><input size=\"40\" maxlength=\"400\" class=\"wpcf7-form-control wpcf7-text wpcf7-validates-as-required\" aria-required=\"true\" aria-invalid=\"false\" value=\"\" type=\"text\" name=\"your-subject\" \/><\/span>\n<\/p>\n<p>Message<br \/>\n<span class=\"wpcf7-form-control-wrap\" data-name=\"your-message\"><textarea cols=\"40\" rows=\"10\" maxlength=\"2000\" class=\"wpcf7-form-control wpcf7-textarea\" aria-invalid=\"false\" name=\"your-message\"><\/textarea><\/span>\n<\/p>\n<p><input class=\"wpcf7-form-control wpcf7-submit has-spinner\" type=\"submit\" value=\"Envoyer\" \/>\n<\/p><p style=\"display: none !important;\" class=\"akismet-fields-container\" data-prefix=\"_wpcf7_ak_\"><label>&#916;<textarea name=\"_wpcf7_ak_hp_textarea\" cols=\"45\" rows=\"8\" maxlength=\"100\"><\/textarea><\/label><input type=\"hidden\" id=\"ak_js_1\" name=\"_wpcf7_ak_js\" value=\"101\"\/><script>document.getElementById( \"ak_js_1\" ).setAttribute( \"value\", ( new Date() ).getTime() );<\/script><\/p><div class=\"wpcf7-response-output\" aria-hidden=\"true\"><\/div>\n<\/form>\n<\/div>\n<\/div>\n","protected":false},"excerpt":{"rendered":"<p>Les VRD sont les am\u00e9nagements n\u00e9cessaires pour permettre l\u2019acc\u00e8s et la desserte d\u2019un terrain ou d\u2019une zone d\u2019activit\u00e9. Les VRD sont indispensables \u00e0 la construction de b\u00e2timents et \u00e0 l\u2019am\u00e9nagement urbain. Les travaux de VRD regroupent plusieurs types d\u2019am\u00e9nagements :<\/p>\n","protected":false},"author":1,"featured_media":0,"parent":0,"menu_order":0,"comment_status":"closed","ping_status":"closed","template":"","meta":{"footnotes":""},"class_list":["post-137","page","type-page","status-publish","hentry"],"_links":{"self":[{"href":"https:\/\/terras-demo.fr\/index.php?rest_route=\/wp\/v2\/pages\/137","targetHints":{"allow":["GET"]}}],"collection":[{"href":"https:\/\/terras-demo.fr\/index.php?rest_route=\/wp\/v2\/pages"}],"about":[{"href":"https:\/\/terras-demo.fr\/index.php?rest_route=\/wp\/v2\/types\/page"}],"author":[{"embeddable":true,"href":"https:\/\/terras-demo.fr\/index.php?rest_route=\/wp\/v2\/users\/1"}],"replies":[{"embeddable":true,"href":"https:\/\/terras-demo.fr\/index.php?rest_route=%2Fwp%2Fv2%2Fcomments&post=137"}],"version-history":[{"count":3,"href":"https:\/\/terras-demo.fr\/index.php?rest_route=\/wp\/v2\/pages\/137\/revisions"}],"predecessor-version":[{"id":313,"href":"https:\/\/terras-demo.fr\/index.php?rest_route=\/wp\/v2\/pages\/137\/revisions\/313"}],"wp:attachment":[{"href":"https:\/\/terras-demo.fr\/index.php?rest_route=%2Fwp%2Fv2%2Fmedia&parent=137"}],"curies":[{"name":"wp","href":"https:\/\/api.w.org\/{rel}","templated":true}]}}