{"id":13,"date":"2024-11-26T16:25:35","date_gmt":"2024-11-26T15:25:35","guid":{"rendered":"http:\/\/terras-demo.fr\/?page_id=13"},"modified":"2025-04-02T09:52:48","modified_gmt":"2025-04-02T07:52:48","slug":"accueil","status":"publish","type":"page","link":"https:\/\/terras-demo.fr\/","title":{"rendered":"Bienvenue"},"content":{"rendered":"\n<div style=\"height:34px\" aria-hidden=\"true\" class=\"wp-block-spacer\"><\/div>\n\n\n\n<p>Forts de plus de 17 ans d\u2019exp\u00e9rience, nous mettons notre expertise \u00e0 votre service pour tous vos projets de <strong>d\u00e9molition<\/strong>, <strong>terrassement<\/strong>, <strong>assainissement<\/strong>, <strong>am\u00e9nagement ext\u00e9rieur<\/strong>, <strong>d\u00e9samiantage<\/strong>, ainsi que de <strong>location d&rsquo;engins<\/strong>.<\/p>\n\n\n\n<p>Bas\u00e9s \u00e0 <strong>Talence (33400)<\/strong>, nous intervenons en <strong>Gironde<\/strong> et dans ses alentours pour r\u00e9pondre \u00e0 tous vos besoins, que vous soyez un particulier ou un professionnel. Notre \u00e9quipe de sp\u00e9cialistes, passionn\u00e9e et r\u00e9active, s&rsquo;engage \u00e0 r\u00e9aliser vos travaux avec s\u00e9rieux, professionnalisme et dans le respect des normes en vigueur.<\/p>\n\n\n\n<p>D\u00e9couvrez nos services et contactez-nous pour obtenir un devis personnalis\u00e9. Nous sommes l\u00e0 pour faire de vos projets une r\u00e9alit\u00e9 !<\/p>\n\n\n\n<div style=\"height:34px\" aria-hidden=\"true\" class=\"wp-block-spacer\"><\/div>\n\n\n\n<div class=\"wp-block-contact-form-7-contact-form-selector\">\n<div class=\"wpcf7 no-js\" id=\"wpcf7-f19-o1\" lang=\"fr-FR\" dir=\"ltr\" data-wpcf7-id=\"19\">\n<div class=\"screen-reader-response\"><p role=\"status\" aria-live=\"polite\" aria-atomic=\"true\"><\/p> <ul><\/ul><\/div>\n<form action=\"\/index.php?rest_route=%2Fwp%2Fv2%2Fpages%2F13#wpcf7-f19-o1\" method=\"post\" class=\"wpcf7-form init\" aria-label=\"Formulaire de contact\" novalidate=\"novalidate\" data-status=\"init\">\n<fieldset class=\"hidden-fields-container\"><input type=\"hidden\" name=\"_wpcf7\" value=\"19\" \/><input type=\"hidden\" name=\"_wpcf7_version\" value=\"6.1.5\" \/><input type=\"hidden\" name=\"_wpcf7_locale\" value=\"fr_FR\" \/><input type=\"hidden\" name=\"_wpcf7_unit_tag\" value=\"wpcf7-f19-o1\" \/><input type=\"hidden\" name=\"_wpcf7_container_post\" value=\"0\" \/><input type=\"hidden\" name=\"_wpcf7_posted_data_hash\" value=\"\" \/>\n<\/fieldset>\n<p>Nom<br \/>\n<span class=\"wpcf7-form-control-wrap\" data-name=\"your-name\"><input size=\"40\" maxlength=\"400\" class=\"wpcf7-form-control wpcf7-text wpcf7-validates-as-required\" autocomplete=\"name\" aria-required=\"true\" aria-invalid=\"false\" value=\"\" type=\"text\" name=\"your-name\" \/><\/span><br \/>\ne-mail<br \/>\n<span class=\"wpcf7-form-control-wrap\" data-name=\"your-email\"><input size=\"40\" maxlength=\"400\" class=\"wpcf7-form-control wpcf7-email wpcf7-validates-as-required wpcf7-text wpcf7-validates-as-email\" autocomplete=\"email\" aria-required=\"true\" aria-invalid=\"false\" value=\"\" type=\"email\" name=\"your-email\" \/><\/span>\n<\/p>\n<p>Objet<br \/>\n<span class=\"wpcf7-form-control-wrap\" data-name=\"your-subject\"><input size=\"40\" maxlength=\"400\" class=\"wpcf7-form-control wpcf7-text wpcf7-validates-as-required\" aria-required=\"true\" aria-invalid=\"false\" value=\"\" type=\"text\" name=\"your-subject\" \/><\/span>\n<\/p>\n<p>Message<br \/>\n<span class=\"wpcf7-form-control-wrap\" data-name=\"your-message\"><textarea cols=\"40\" rows=\"10\" maxlength=\"2000\" class=\"wpcf7-form-control wpcf7-textarea\" aria-invalid=\"false\" name=\"your-message\"><\/textarea><\/span>\n<\/p>\n<p><input class=\"wpcf7-form-control wpcf7-submit has-spinner\" type=\"submit\" value=\"Envoyer\" \/>\n<\/p><p style=\"display: none !important;\" class=\"akismet-fields-container\" data-prefix=\"_wpcf7_ak_\"><label>&#916;<textarea name=\"_wpcf7_ak_hp_textarea\" cols=\"45\" rows=\"8\" maxlength=\"100\"><\/textarea><\/label><input type=\"hidden\" id=\"ak_js_1\" name=\"_wpcf7_ak_js\" value=\"52\"\/><script>document.getElementById( \"ak_js_1\" ).setAttribute( \"value\", ( new Date() ).getTime() );<\/script><\/p><div class=\"wpcf7-response-output\" aria-hidden=\"true\"><\/div>\n<\/form>\n<\/div>\n<\/div>\n\n\n\n<div style=\"height:28px\" aria-hidden=\"true\" class=\"wp-block-spacer\"><\/div>\n\n\n\n<div class=\"wp-block-columns is-layout-flex wp-container-core-columns-is-layout-9d6595d7 wp-block-columns-is-layout-flex\">\n<div class=\"wp-block-column is-layout-flow wp-block-column-is-layout-flow\" style=\"flex-basis:100%\"><div class=\"wp-block-image\">\n<figure class=\"aligncenter size-full\"><img loading=\"lazy\" decoding=\"async\" width=\"612\" height=\"472\" src=\"https:\/\/terras-demo.fr\/wp-content\/uploads\/2024\/12\/istockphoto-143918313-612x612-1.jpg\" alt=\"\" class=\"wp-image-80\" srcset=\"https:\/\/terras-demo.fr\/wp-content\/uploads\/2024\/12\/istockphoto-143918313-612x612-1.jpg 612w, https:\/\/terras-demo.fr\/wp-content\/uploads\/2024\/12\/istockphoto-143918313-612x612-1-300x231.jpg 300w\" sizes=\"auto, (max-width: 612px) 100vw, 612px\" \/><\/figure>\n<\/div><\/div>\n<\/div>\n\n\n<div class=\"has-avatars has-dates has-excerpts no-comments wp-block-latest-comments\">Aucun commentaire \u00e0 afficher.<\/div>\n\n\n<p><\/p>\n","protected":false},"excerpt":{"rendered":"<p>Forts de plus de 17 ans d\u2019exp\u00e9rience, nous mettons notre expertise \u00e0 votre service pour tous vos projets de d\u00e9molition, terrassement, assainissement, am\u00e9nagement ext\u00e9rieur, d\u00e9samiantage, ainsi que de location d&rsquo;engins. Bas\u00e9s \u00e0 Talence (33400), nous intervenons en Gironde et dans ses alentours pour r\u00e9pondre \u00e0 tous vos besoins, que vous soyez un particulier ou un&hellip;<\/p>\n","protected":false},"author":1,"featured_media":0,"parent":0,"menu_order":0,"comment_status":"closed","ping_status":"closed","template":"","meta":{"footnotes":""},"class_list":["post-13","page","type-page","status-publish","hentry"],"_links":{"self":[{"href":"https:\/\/terras-demo.fr\/index.php?rest_route=\/wp\/v2\/pages\/13","targetHints":{"allow":["GET"]}}],"collection":[{"href":"https:\/\/terras-demo.fr\/index.php?rest_route=\/wp\/v2\/pages"}],"about":[{"href":"https:\/\/terras-demo.fr\/index.php?rest_route=\/wp\/v2\/types\/page"}],"author":[{"embeddable":true,"href":"https:\/\/terras-demo.fr\/index.php?rest_route=\/wp\/v2\/users\/1"}],"replies":[{"embeddable":true,"href":"https:\/\/terras-demo.fr\/index.php?rest_route=%2Fwp%2Fv2%2Fcomments&post=13"}],"version-history":[{"count":26,"href":"https:\/\/terras-demo.fr\/index.php?rest_route=\/wp\/v2\/pages\/13\/revisions"}],"predecessor-version":[{"id":341,"href":"https:\/\/terras-demo.fr\/index.php?rest_route=\/wp\/v2\/pages\/13\/revisions\/341"}],"wp:attachment":[{"href":"https:\/\/terras-demo.fr\/index.php?rest_route=%2Fwp%2Fv2%2Fmedia&parent=13"}],"curies":[{"name":"wp","href":"https:\/\/api.w.org\/{rel}","templated":true}]}}