{"id":107,"date":"2024-12-06T11:54:39","date_gmt":"2024-12-06T10:54:39","guid":{"rendered":"https:\/\/terras-demo.fr\/?page_id=107"},"modified":"2024-12-06T15:20:25","modified_gmt":"2024-12-06T14:20:25","slug":"assainissement","status":"publish","type":"page","link":"https:\/\/terras-demo.fr\/?page_id=107","title":{"rendered":"Assainissement"},"content":{"rendered":"\n<div style=\"height:28px\" aria-hidden=\"true\" class=\"wp-block-spacer\"><\/div>\n\n\n\n<p><strong>Assainissement collectif<\/strong> correspond \u00e0 la situation o\u00f9 le r\u00e9seau d\u2019assainissement est mis en place par votre commune. Dans ce cas, si votre b\u00e2timent ou votre maison est d\u00e9j\u00e0 construit, vous avez deux ans pour raccorder votre bien au r\u00e9seau d\u2019assainissement collectif (le tout-\u00e0-l\u2019\u00e9gout).<\/p>\n\n\n\n<p><strong>L\u2019assainissement individuel<\/strong> <strong>ou non collectif<\/strong> concerne les immeubles ou les maisons qui ne sont pas raccord\u00e9s au r\u00e9seau d\u2019assainissement collectif (micro station d&rsquo;\u00e9puration, fosse toutes eaux, filtre compact).<\/p>\n\n\n\n<p>Vous devez pr\u00e9senter votre projet d\u2019assainissement individuel au service public (SPANC) de votre commune. Mais avant toute chose, une \u00e9tude de sol est importante.<\/p>\n\n\n\n<div style=\"height:24px\" aria-hidden=\"true\" class=\"wp-block-spacer\"><\/div>\n\n\n\n<figure class=\"wp-block-image size-full\"><img loading=\"lazy\" decoding=\"async\" width=\"570\" height=\"469\" src=\"https:\/\/terras-demo.fr\/wp-content\/uploads\/2024\/12\/shema-systeme-assainissement-non-collectif.jpg\" alt=\"\" class=\"wp-image-79\" srcset=\"https:\/\/terras-demo.fr\/wp-content\/uploads\/2024\/12\/shema-systeme-assainissement-non-collectif.jpg 570w, https:\/\/terras-demo.fr\/wp-content\/uploads\/2024\/12\/shema-systeme-assainissement-non-collectif-300x247.jpg 300w\" sizes=\"auto, (max-width: 570px) 100vw, 570px\" \/><\/figure>\n\n\n\n<div style=\"height:27px\" aria-hidden=\"true\" class=\"wp-block-spacer\"><\/div>\n\n\n\n<div class=\"wp-block-contact-form-7-contact-form-selector\">\n<div class=\"wpcf7 no-js\" id=\"wpcf7-f19-o1\" lang=\"fr-FR\" dir=\"ltr\" data-wpcf7-id=\"19\">\n<div class=\"screen-reader-response\"><p role=\"status\" aria-live=\"polite\" aria-atomic=\"true\"><\/p> <ul><\/ul><\/div>\n<form action=\"\/index.php?rest_route=%2Fwp%2Fv2%2Fpages%2F107#wpcf7-f19-o1\" method=\"post\" class=\"wpcf7-form init\" aria-label=\"Formulaire de contact\" novalidate=\"novalidate\" data-status=\"init\">\n<fieldset class=\"hidden-fields-container\"><input type=\"hidden\" name=\"_wpcf7\" value=\"19\" \/><input type=\"hidden\" name=\"_wpcf7_version\" value=\"6.1.5\" \/><input type=\"hidden\" name=\"_wpcf7_locale\" value=\"fr_FR\" \/><input type=\"hidden\" name=\"_wpcf7_unit_tag\" value=\"wpcf7-f19-o1\" \/><input type=\"hidden\" name=\"_wpcf7_container_post\" value=\"0\" \/><input type=\"hidden\" name=\"_wpcf7_posted_data_hash\" value=\"\" \/>\n<\/fieldset>\n<p>Nom<br \/>\n<span class=\"wpcf7-form-control-wrap\" data-name=\"your-name\"><input size=\"40\" maxlength=\"400\" class=\"wpcf7-form-control wpcf7-text wpcf7-validates-as-required\" autocomplete=\"name\" aria-required=\"true\" aria-invalid=\"false\" value=\"\" type=\"text\" name=\"your-name\" \/><\/span><br \/>\ne-mail<br \/>\n<span class=\"wpcf7-form-control-wrap\" data-name=\"your-email\"><input size=\"40\" maxlength=\"400\" class=\"wpcf7-form-control wpcf7-email wpcf7-validates-as-required wpcf7-text wpcf7-validates-as-email\" autocomplete=\"email\" aria-required=\"true\" aria-invalid=\"false\" value=\"\" type=\"email\" name=\"your-email\" \/><\/span>\n<\/p>\n<p>Objet<br \/>\n<span class=\"wpcf7-form-control-wrap\" data-name=\"your-subject\"><input size=\"40\" maxlength=\"400\" class=\"wpcf7-form-control wpcf7-text wpcf7-validates-as-required\" aria-required=\"true\" aria-invalid=\"false\" value=\"\" type=\"text\" name=\"your-subject\" \/><\/span>\n<\/p>\n<p>Message<br \/>\n<span class=\"wpcf7-form-control-wrap\" data-name=\"your-message\"><textarea cols=\"40\" rows=\"10\" maxlength=\"2000\" class=\"wpcf7-form-control wpcf7-textarea\" aria-invalid=\"false\" name=\"your-message\"><\/textarea><\/span>\n<\/p>\n<p><input class=\"wpcf7-form-control wpcf7-submit has-spinner\" type=\"submit\" value=\"Envoyer\" \/>\n<\/p><p style=\"display: none !important;\" class=\"akismet-fields-container\" data-prefix=\"_wpcf7_ak_\"><label>&#916;<textarea name=\"_wpcf7_ak_hp_textarea\" cols=\"45\" rows=\"8\" maxlength=\"100\"><\/textarea><\/label><input type=\"hidden\" id=\"ak_js_1\" name=\"_wpcf7_ak_js\" value=\"28\"\/><script>document.getElementById( \"ak_js_1\" ).setAttribute( \"value\", ( new Date() ).getTime() );<\/script><\/p><div class=\"wpcf7-response-output\" aria-hidden=\"true\"><\/div>\n<\/form>\n<\/div>\n<\/div>\n","protected":false},"excerpt":{"rendered":"<p>Assainissement collectif correspond \u00e0 la situation o\u00f9 le r\u00e9seau d\u2019assainissement est mis en place par votre commune. Dans ce cas, si votre b\u00e2timent ou votre maison est d\u00e9j\u00e0 construit, vous avez deux ans pour raccorder votre bien au r\u00e9seau d\u2019assainissement collectif (le tout-\u00e0-l\u2019\u00e9gout). L\u2019assainissement individuel ou non collectif concerne les immeubles ou les maisons qui&hellip;<\/p>\n","protected":false},"author":1,"featured_media":0,"parent":0,"menu_order":0,"comment_status":"closed","ping_status":"closed","template":"","meta":{"footnotes":""},"class_list":["post-107","page","type-page","status-publish","hentry"],"_links":{"self":[{"href":"https:\/\/terras-demo.fr\/index.php?rest_route=\/wp\/v2\/pages\/107","targetHints":{"allow":["GET"]}}],"collection":[{"href":"https:\/\/terras-demo.fr\/index.php?rest_route=\/wp\/v2\/pages"}],"about":[{"href":"https:\/\/terras-demo.fr\/index.php?rest_route=\/wp\/v2\/types\/page"}],"author":[{"embeddable":true,"href":"https:\/\/terras-demo.fr\/index.php?rest_route=\/wp\/v2\/users\/1"}],"replies":[{"embeddable":true,"href":"https:\/\/terras-demo.fr\/index.php?rest_route=%2Fwp%2Fv2%2Fcomments&post=107"}],"version-history":[{"count":4,"href":"https:\/\/terras-demo.fr\/index.php?rest_route=\/wp\/v2\/pages\/107\/revisions"}],"predecessor-version":[{"id":304,"href":"https:\/\/terras-demo.fr\/index.php?rest_route=\/wp\/v2\/pages\/107\/revisions\/304"}],"wp:attachment":[{"href":"https:\/\/terras-demo.fr\/index.php?rest_route=%2Fwp%2Fv2%2Fmedia&parent=107"}],"curies":[{"name":"wp","href":"https:\/\/api.w.org\/{rel}","templated":true}]}}